{"id":1803,"date":"2022-11-22T15:44:53","date_gmt":"2022-11-22T15:44:53","guid":{"rendered":"https:\/\/severus.pt\/funding\/"},"modified":"2022-11-22T17:11:14","modified_gmt":"2022-11-22T17:11:14","slug":"funding","status":"publish","type":"page","link":"https:\/\/severus.pt\/en\/funding\/","title":{"rendered":"Funding"},"content":{"rendered":"\t\t<div data-elementor-type=\"wp-page\" data-elementor-id=\"1803\" class=\"elementor elementor-1803 elementor-1679\">\n\t\t\t\t\t\t<section class=\"elementor-section elementor-top-section elementor-element elementor-element-7642d3e elementor-section-stretched elementor-section-boxed elementor-section-height-default elementor-section-height-default\" data-id=\"7642d3e\" data-element_type=\"section\" data-e-type=\"section\" data-settings=\"{&quot;stretch_section&quot;:&quot;section-stretched&quot;}\">\n\t\t\t\t\t\t<div class=\"elementor-container elementor-column-gap-extended\">\n\t\t\t\t\t<div class=\"elementor-column elementor-col-100 elementor-top-column elementor-element elementor-element-a20c8f4 sc_layouts_column_icons_position_left\" data-id=\"a20c8f4\" data-element_type=\"column\" data-e-type=\"column\">\n\t\t\t<div class=\"elementor-widget-wrap elementor-element-populated\">\n\t\t\t\t\t\t<div class=\"elementor-element elementor-element-34150b3 sc_fly_static elementor-widget elementor-widget-image\" data-id=\"34150b3\" data-element_type=\"widget\" data-e-type=\"widget\" data-widget_type=\"image.default\">\n\t\t\t\t<div class=\"elementor-widget-container\">\n\t\t\t\t\t\t\t\t\t\t\t\t\t\t\t<img fetchpriority=\"high\" decoding=\"async\" width=\"1024\" height=\"165\" src=\"https:\/\/severus.pt\/wp-content\/uploads\/2022\/01\/severus-financiamento-1024x165.png\" class=\"attachment-large size-large wp-image-1650\" alt=\"\" srcset=\"https:\/\/severus.pt\/wp-content\/uploads\/2022\/01\/severus-financiamento-1024x165.png 1024w, https:\/\/severus.pt\/wp-content\/uploads\/2022\/01\/severus-financiamento-300x48.png 300w, https:\/\/severus.pt\/wp-content\/uploads\/2022\/01\/severus-financiamento-768x124.png 768w, https:\/\/severus.pt\/wp-content\/uploads\/2022\/01\/severus-financiamento-370x60.png 370w, https:\/\/severus.pt\/wp-content\/uploads\/2022\/01\/severus-financiamento-760x122.png 760w, https:\/\/severus.pt\/wp-content\/uploads\/2022\/01\/severus-financiamento-387x62.png 387w, https:\/\/severus.pt\/wp-content\/uploads\/2022\/01\/severus-financiamento-500x81.png 500w, https:\/\/severus.pt\/wp-content\/uploads\/2022\/01\/severus-financiamento.png 1304w\" sizes=\"(max-width: 1024px) 100vw, 1024px\" \/>\t\t\t\t\t\t\t\t\t\t\t\t\t\t\t<\/div>\n\t\t\t\t<\/div>\n\t\t\t\t<section class=\"elementor-section elementor-inner-section elementor-element elementor-element-2ac0dea elementor-section-full_width elementor-section-height-default elementor-section-height-default\" data-id=\"2ac0dea\" data-element_type=\"section\" data-e-type=\"section\">\n\t\t\t\t\t\t<div class=\"elementor-container elementor-column-gap-extended\">\n\t\t\t\t\t<div class=\"elementor-column elementor-col-50 elementor-inner-column elementor-element elementor-element-a2ba607 sc_layouts_column_icons_position_left\" data-id=\"a2ba607\" data-element_type=\"column\" data-e-type=\"column\">\n\t\t\t<div class=\"elementor-widget-wrap elementor-element-populated\">\n\t\t\t\t\t\t<div class=\"elementor-element elementor-element-e6a1ff7 sc_fly_static elementor-widget elementor-widget-heading\" data-id=\"e6a1ff7\" data-element_type=\"widget\" data-e-type=\"widget\" data-widget_type=\"heading.default\">\n\t\t\t\t<div class=\"elementor-widget-container\">\n\t\t\t\t\t<h2 class=\"elementor-heading-title elementor-size-default\">Proponent institution:<\/h2>\t\t\t\t<\/div>\n\t\t\t\t<\/div>\n\t\t\t\t<div class=\"elementor-element elementor-element-47080de sc_fly_static elementor-widget elementor-widget-text-editor\" data-id=\"47080de\" data-element_type=\"widget\" data-e-type=\"widget\" data-widget_type=\"text-editor.default\">\n\t\t\t\t<div class=\"elementor-widget-container\">\n\t\t\t\t\t\t\t\t\t<p>ICETA-UP (CIBIO-InBIO)<\/p>\n\t\t\t\t\t\t\t\t<\/div>\n\t\t\t\t<\/div>\n\t\t\t\t<div class=\"elementor-element elementor-element-c6468e2 sc_fly_static elementor-widget elementor-widget-heading\" data-id=\"c6468e2\" data-element_type=\"widget\" data-e-type=\"widget\" data-widget_type=\"heading.default\">\n\t\t\t\t<div class=\"elementor-widget-container\">\n\t\t\t\t\t<h2 class=\"elementor-heading-title elementor-size-default\">Participant institution:<\/h2>\t\t\t\t<\/div>\n\t\t\t\t<\/div>\n\t\t\t\t<div class=\"elementor-element elementor-element-5b54858 sc_fly_static elementor-widget elementor-widget-text-editor\" data-id=\"5b54858\" data-element_type=\"widget\" data-e-type=\"widget\" data-widget_type=\"text-editor.default\">\n\t\t\t\t<div class=\"elementor-widget-container\">\n\t\t\t\t\t\t\t\t\t<p>Polytechnic Institute of Viana do Castelo (IPVC)<\/p>\n\t\t\t\t\t\t\t\t<\/div>\n\t\t\t\t<\/div>\n\t\t\t\t<div class=\"elementor-element elementor-element-ac3448c sc_fly_static elementor-widget elementor-widget-heading\" data-id=\"ac3448c\" data-element_type=\"widget\" data-e-type=\"widget\" data-widget_type=\"heading.default\">\n\t\t\t\t<div class=\"elementor-widget-container\">\n\t\t\t\t\t<h2 class=\"elementor-heading-title elementor-size-default\">State:<\/h2>\t\t\t\t<\/div>\n\t\t\t\t<\/div>\n\t\t\t\t<div class=\"elementor-element elementor-element-741cbe8 sc_fly_static elementor-widget elementor-widget-text-editor\" data-id=\"741cbe8\" data-element_type=\"widget\" data-e-type=\"widget\" data-widget_type=\"text-editor.default\">\n\t\t\t\t<div class=\"elementor-widget-container\">\n\t\t\t\t\t\t\t\t\t<p>On going<\/p>\n\t\t\t\t\t\t\t\t<\/div>\n\t\t\t\t<\/div>\n\t\t\t\t\t<\/div>\n\t\t<\/div>\n\t\t\t\t<div class=\"elementor-column elementor-col-50 elementor-inner-column elementor-element elementor-element-ea2e6da sc_layouts_column_icons_position_left\" data-id=\"ea2e6da\" data-element_type=\"column\" data-e-type=\"column\">\n\t\t\t<div class=\"elementor-widget-wrap elementor-element-populated\">\n\t\t\t\t\t\t<div class=\"elementor-element elementor-element-f7a96be sc_fly_static elementor-widget elementor-widget-heading\" data-id=\"f7a96be\" data-element_type=\"widget\" data-e-type=\"widget\" data-widget_type=\"heading.default\">\n\t\t\t\t<div class=\"elementor-widget-container\">\n\t\t\t\t\t<h2 class=\"elementor-heading-title elementor-size-default\">Funding:<\/h2>\t\t\t\t<\/div>\n\t\t\t\t<\/div>\n\t\t\t\t<div class=\"elementor-element elementor-element-bfbfa2c sc_fly_static elementor-widget elementor-widget-text-editor\" data-id=\"bfbfa2c\" data-element_type=\"widget\" data-e-type=\"widget\" data-widget_type=\"text-editor.default\">\n\t\t\t\t<div class=\"elementor-widget-container\">\n\t\t\t\t\t\t\t\t\t<p>Funda\u00e7\u00e3o para a Ci\u00eancia e a Tecnologia (\u20ac279,848)<\/p>\n\t\t\t\t\t\t\t\t<\/div>\n\t\t\t\t<\/div>\n\t\t\t\t<div class=\"elementor-element elementor-element-2741577 sc_fly_static elementor-widget elementor-widget-heading\" data-id=\"2741577\" data-element_type=\"widget\" data-e-type=\"widget\" data-widget_type=\"heading.default\">\n\t\t\t\t<div class=\"elementor-widget-container\">\n\t\t\t\t\t<h2 class=\"elementor-heading-title elementor-size-default\">Date:<\/h2>\t\t\t\t<\/div>\n\t\t\t\t<\/div>\n\t\t\t\t<div class=\"elementor-element elementor-element-639dd69 sc_fly_static elementor-widget elementor-widget-text-editor\" data-id=\"639dd69\" data-element_type=\"widget\" data-e-type=\"widget\" data-widget_type=\"text-editor.default\">\n\t\t\t\t<div class=\"elementor-widget-container\">\n\t\t\t\t\t\t\t\t\t<p>2021 (Duration: 3 years)<\/p>\n\t\t\t\t\t\t\t\t<\/div>\n\t\t\t\t<\/div>\n\t\t\t\t<div class=\"elementor-element elementor-element-b9b284f sc_fly_static elementor-widget elementor-widget-heading\" data-id=\"b9b284f\" data-element_type=\"widget\" data-e-type=\"widget\" data-widget_type=\"heading.default\">\n\t\t\t\t<div class=\"elementor-widget-container\">\n\t\t\t\t\t<h2 class=\"elementor-heading-title elementor-size-default\">Reference:<\/h2>\t\t\t\t<\/div>\n\t\t\t\t<\/div>\n\t\t\t\t<div class=\"elementor-element elementor-element-4236f4d sc_fly_static elementor-widget elementor-widget-text-editor\" data-id=\"4236f4d\" data-element_type=\"widget\" data-e-type=\"widget\" data-widget_type=\"text-editor.default\">\n\t\t\t\t<div class=\"elementor-widget-container\">\n\t\t\t\t\t\t\t\t\t<p>PCIF\/RPG\/0170\/2019<\/p>\n\t\t\t\t\t\t\t\t<\/div>\n\t\t\t\t<\/div>\n\t\t\t\t\t<\/div>\n\t\t<\/div>\n\t\t\t\t\t<\/div>\n\t\t<\/section>\n\t\t\t\t\t<\/div>\n\t\t<\/div>\n\t\t\t\t\t<\/div>\n\t\t<\/section>\n\t\t\t\t<\/div>\n\t\t","protected":false},"excerpt":{"rendered":"<p>Proponent institution: ICETA-UP (CIBIO-InBIO) Participant institution: Polytechnic Institute of Viana do Castelo (IPVC) State: On going Funding:&hellip;<\/p>\n","protected":false},"author":1,"featured_media":1620,"parent":0,"menu_order":0,"comment_status":"closed","ping_status":"closed","template":"","meta":{"footnotes":""},"class_list":["post-1803","page","type-page","status-publish","has-post-thumbnail","hentry"],"yoast_head":"<!-- This site is optimized with the Yoast SEO plugin v27.2 - https:\/\/yoast.com\/product\/yoast-seo-wordpress\/ -->\n<title>Funding - SeverusPT<\/title>\n<meta name=\"robots\" content=\"index, follow, max-snippet:-1, max-image-preview:large, max-video-preview:-1\" \/>\n<link rel=\"canonical\" href=\"https:\/\/severus.pt\/en\/funding\/\" \/>\n<meta property=\"og:locale\" content=\"en_US\" \/>\n<meta property=\"og:type\" content=\"article\" \/>\n<meta property=\"og:title\" content=\"Funding - SeverusPT\" \/>\n<meta property=\"og:description\" content=\"Proponent institution: ICETA-UP (CIBIO-InBIO) Participant institution: Polytechnic Institute of Viana do Castelo (IPVC) State: On going Funding:&hellip;\" \/>\n<meta property=\"og:url\" content=\"https:\/\/severus.pt\/en\/funding\/\" \/>\n<meta property=\"og:site_name\" content=\"SeverusPT\" \/>\n<meta property=\"article:modified_time\" content=\"2022-11-22T17:11:14+00:00\" \/>\n<meta property=\"og:image\" content=\"https:\/\/severus.pt\/wp-content\/uploads\/2021\/08\/severus-contactos-banner.jpg\" \/>\n\t<meta property=\"og:image:width\" content=\"1604\" \/>\n\t<meta property=\"og:image:height\" content=\"483\" \/>\n\t<meta property=\"og:image:type\" content=\"image\/jpeg\" \/>\n<meta name=\"twitter:card\" content=\"summary_large_image\" \/>\n<script type=\"application\/ld+json\" class=\"yoast-schema-graph\">{\"@context\":\"https:\/\/schema.org\",\"@graph\":[{\"@type\":\"WebPage\",\"@id\":\"https:\/\/severus.pt\/en\/funding\/\",\"url\":\"https:\/\/severus.pt\/en\/funding\/\",\"name\":\"Funding - SeverusPT\",\"isPartOf\":{\"@id\":\"https:\/\/severus.pt\/#website\"},\"primaryImageOfPage\":{\"@id\":\"https:\/\/severus.pt\/en\/funding\/#primaryimage\"},\"image\":{\"@id\":\"https:\/\/severus.pt\/en\/funding\/#primaryimage\"},\"thumbnailUrl\":\"https:\/\/severus.pt\/wp-content\/uploads\/2021\/08\/severus-contactos-banner.jpg\",\"datePublished\":\"2022-11-22T15:44:53+00:00\",\"dateModified\":\"2022-11-22T17:11:14+00:00\",\"breadcrumb\":{\"@id\":\"https:\/\/severus.pt\/en\/funding\/#breadcrumb\"},\"inLanguage\":\"en-US\",\"potentialAction\":[{\"@type\":\"ReadAction\",\"target\":[\"https:\/\/severus.pt\/en\/funding\/\"]}]},{\"@type\":\"ImageObject\",\"inLanguage\":\"en-US\",\"@id\":\"https:\/\/severus.pt\/en\/funding\/#primaryimage\",\"url\":\"https:\/\/severus.pt\/wp-content\/uploads\/2021\/08\/severus-contactos-banner.jpg\",\"contentUrl\":\"https:\/\/severus.pt\/wp-content\/uploads\/2021\/08\/severus-contactos-banner.jpg\",\"width\":1604,\"height\":483},{\"@type\":\"BreadcrumbList\",\"@id\":\"https:\/\/severus.pt\/en\/funding\/#breadcrumb\",\"itemListElement\":[{\"@type\":\"ListItem\",\"position\":1,\"name\":\"Home\",\"item\":\"https:\/\/severus.pt\/\"},{\"@type\":\"ListItem\",\"position\":2,\"name\":\"Funding\"}]},{\"@type\":\"WebSite\",\"@id\":\"https:\/\/severus.pt\/#website\",\"url\":\"https:\/\/severus.pt\/\",\"name\":\"SeverusPT\",\"description\":\"\",\"publisher\":{\"@id\":\"https:\/\/severus.pt\/#organization\"},\"potentialAction\":[{\"@type\":\"SearchAction\",\"target\":{\"@type\":\"EntryPoint\",\"urlTemplate\":\"https:\/\/severus.pt\/?s={search_term_string}\"},\"query-input\":{\"@type\":\"PropertyValueSpecification\",\"valueRequired\":true,\"valueName\":\"search_term_string\"}}],\"inLanguage\":\"en-US\"},{\"@type\":\"Organization\",\"@id\":\"https:\/\/severus.pt\/#organization\",\"name\":\"Severus\",\"url\":\"https:\/\/severus.pt\/\",\"logo\":{\"@type\":\"ImageObject\",\"inLanguage\":\"en-US\",\"@id\":\"https:\/\/severus.pt\/#\/schema\/logo\/image\/\",\"url\":\"https:\/\/severus.pt\/wp-content\/uploads\/2021\/08\/serverus-black.png\",\"contentUrl\":\"https:\/\/severus.pt\/wp-content\/uploads\/2021\/08\/serverus-black.png\",\"width\":250,\"height\":81,\"caption\":\"Severus\"},\"image\":{\"@id\":\"https:\/\/severus.pt\/#\/schema\/logo\/image\/\"}}]}<\/script>\n<!-- \/ Yoast SEO plugin. -->","yoast_head_json":{"title":"Funding - SeverusPT","robots":{"index":"index","follow":"follow","max-snippet":"max-snippet:-1","max-image-preview":"max-image-preview:large","max-video-preview":"max-video-preview:-1"},"canonical":"https:\/\/severus.pt\/en\/funding\/","og_locale":"en_US","og_type":"article","og_title":"Funding - SeverusPT","og_description":"Proponent institution: ICETA-UP (CIBIO-InBIO) Participant institution: Polytechnic Institute of Viana do Castelo (IPVC) State: On going Funding:&hellip;","og_url":"https:\/\/severus.pt\/en\/funding\/","og_site_name":"SeverusPT","article_modified_time":"2022-11-22T17:11:14+00:00","og_image":[{"width":1604,"height":483,"url":"https:\/\/severus.pt\/wp-content\/uploads\/2021\/08\/severus-contactos-banner.jpg","type":"image\/jpeg"}],"twitter_card":"summary_large_image","schema":{"@context":"https:\/\/schema.org","@graph":[{"@type":"WebPage","@id":"https:\/\/severus.pt\/en\/funding\/","url":"https:\/\/severus.pt\/en\/funding\/","name":"Funding - SeverusPT","isPartOf":{"@id":"https:\/\/severus.pt\/#website"},"primaryImageOfPage":{"@id":"https:\/\/severus.pt\/en\/funding\/#primaryimage"},"image":{"@id":"https:\/\/severus.pt\/en\/funding\/#primaryimage"},"thumbnailUrl":"https:\/\/severus.pt\/wp-content\/uploads\/2021\/08\/severus-contactos-banner.jpg","datePublished":"2022-11-22T15:44:53+00:00","dateModified":"2022-11-22T17:11:14+00:00","breadcrumb":{"@id":"https:\/\/severus.pt\/en\/funding\/#breadcrumb"},"inLanguage":"en-US","potentialAction":[{"@type":"ReadAction","target":["https:\/\/severus.pt\/en\/funding\/"]}]},{"@type":"ImageObject","inLanguage":"en-US","@id":"https:\/\/severus.pt\/en\/funding\/#primaryimage","url":"https:\/\/severus.pt\/wp-content\/uploads\/2021\/08\/severus-contactos-banner.jpg","contentUrl":"https:\/\/severus.pt\/wp-content\/uploads\/2021\/08\/severus-contactos-banner.jpg","width":1604,"height":483},{"@type":"BreadcrumbList","@id":"https:\/\/severus.pt\/en\/funding\/#breadcrumb","itemListElement":[{"@type":"ListItem","position":1,"name":"Home","item":"https:\/\/severus.pt\/"},{"@type":"ListItem","position":2,"name":"Funding"}]},{"@type":"WebSite","@id":"https:\/\/severus.pt\/#website","url":"https:\/\/severus.pt\/","name":"SeverusPT","description":"","publisher":{"@id":"https:\/\/severus.pt\/#organization"},"potentialAction":[{"@type":"SearchAction","target":{"@type":"EntryPoint","urlTemplate":"https:\/\/severus.pt\/?s={search_term_string}"},"query-input":{"@type":"PropertyValueSpecification","valueRequired":true,"valueName":"search_term_string"}}],"inLanguage":"en-US"},{"@type":"Organization","@id":"https:\/\/severus.pt\/#organization","name":"Severus","url":"https:\/\/severus.pt\/","logo":{"@type":"ImageObject","inLanguage":"en-US","@id":"https:\/\/severus.pt\/#\/schema\/logo\/image\/","url":"https:\/\/severus.pt\/wp-content\/uploads\/2021\/08\/serverus-black.png","contentUrl":"https:\/\/severus.pt\/wp-content\/uploads\/2021\/08\/serverus-black.png","width":250,"height":81,"caption":"Severus"},"image":{"@id":"https:\/\/severus.pt\/#\/schema\/logo\/image\/"}}]}},"_links":{"self":[{"href":"https:\/\/severus.pt\/en\/wp-json\/wp\/v2\/pages\/1803","targetHints":{"allow":["GET"]}}],"collection":[{"href":"https:\/\/severus.pt\/en\/wp-json\/wp\/v2\/pages"}],"about":[{"href":"https:\/\/severus.pt\/en\/wp-json\/wp\/v2\/types\/page"}],"author":[{"embeddable":true,"href":"https:\/\/severus.pt\/en\/wp-json\/wp\/v2\/users\/1"}],"replies":[{"embeddable":true,"href":"https:\/\/severus.pt\/en\/wp-json\/wp\/v2\/comments?post=1803"}],"version-history":[{"count":7,"href":"https:\/\/severus.pt\/en\/wp-json\/wp\/v2\/pages\/1803\/revisions"}],"predecessor-version":[{"id":1814,"href":"https:\/\/severus.pt\/en\/wp-json\/wp\/v2\/pages\/1803\/revisions\/1814"}],"wp:featuredmedia":[{"embeddable":true,"href":"https:\/\/severus.pt\/en\/wp-json\/wp\/v2\/media\/1620"}],"wp:attachment":[{"href":"https:\/\/severus.pt\/en\/wp-json\/wp\/v2\/media?parent=1803"}],"curies":[{"name":"wp","href":"https:\/\/api.w.org\/{rel}","templated":true}]}}